{"id":202,"date":"2023-01-08T06:44:29","date_gmt":"2023-01-08T06:44:29","guid":{"rendered":"https:\/\/demo.blazethemes.com\/newsmatic-one\/?page_id=202"},"modified":"2025-07-03T09:15:19","modified_gmt":"2025-07-03T09:15:19","slug":"subscribe-us","status":"publish","type":"page","link":"https:\/\/aaea-angola.org\/?page_id=202","title":{"rendered":"Subscreva &#8211; nos"},"content":{"rendered":"","protected":false},"excerpt":{"rendered":"","protected":false},"author":1,"featured_media":0,"parent":0,"menu_order":0,"comment_status":"closed","ping_status":"closed","template":"","meta":{"saved_in_kubio":false,"footnotes":""},"class_list":["post-202","page","type-page","status-publish","hentry"],"kubio_ai_page_context":{"short_desc":"","purpose":"general"},"yoast_head":"<!-- This site is optimized with the Yoast SEO plugin v23.5 - https:\/\/yoast.com\/wordpress\/plugins\/seo\/ -->\n<title>Subscreva - nos &#183;<\/title>\n<meta name=\"description\" content=\"Subscreva - nos  &#183;\" \/>\n<meta name=\"robots\" content=\"index, follow, max-snippet:-1, max-image-preview:large, max-video-preview:-1\" \/>\n<link rel=\"canonical\" href=\"https:\/\/aaea-angola.org\/?page_id=202\" \/>\n<meta property=\"og:locale\" content=\"pt_BR\" \/>\n<meta property=\"og:type\" content=\"article\" \/>\n<meta property=\"og:title\" content=\"Subscreva - nos &#183;\" \/>\n<meta property=\"og:description\" content=\"Subscreva - nos  &#183;\" \/>\n<meta property=\"og:url\" content=\"https:\/\/aaea-angola.org\/?page_id=202\" \/>\n<meta property=\"article:modified_time\" content=\"2025-07-03T09:15:19+00:00\" \/>\n<meta property=\"og:image\" content=\"https:\/\/aaea-angola.org\/wp-content\/uploads\/2023\/01\/logo.png\" \/>\n\t<meta property=\"og:image:width\" content=\"316\" \/>\n\t<meta property=\"og:image:height\" content=\"95\" \/>\n\t<meta property=\"og:image:type\" content=\"image\/png\" \/>\n<meta name=\"twitter:card\" content=\"summary_large_image\" \/>\n<script type=\"application\/ld+json\" class=\"yoast-schema-graph\">{\"@context\":\"https:\/\/schema.org\",\"@graph\":[{\"@type\":\"WebPage\",\"@id\":\"https:\/\/aaea-angola.org\/?page_id=202\",\"url\":\"https:\/\/aaea-angola.org\/?page_id=202\",\"name\":\"Subscreva - nos &#183;\",\"isPartOf\":{\"@id\":\"https:\/\/aaea-angola.org\/#website\"},\"datePublished\":\"2023-01-08T06:44:29+00:00\",\"dateModified\":\"2025-07-03T09:15:19+00:00\",\"description\":\"Subscreva - nos &#183;\",\"breadcrumb\":{\"@id\":\"https:\/\/aaea-angola.org\/?page_id=202#breadcrumb\"},\"inLanguage\":\"pt-BR\",\"potentialAction\":[{\"@type\":\"ReadAction\",\"target\":[\"https:\/\/aaea-angola.org\/?page_id=202\"]}]},{\"@type\":\"BreadcrumbList\",\"@id\":\"https:\/\/aaea-angola.org\/?page_id=202#breadcrumb\",\"itemListElement\":[{\"@type\":\"ListItem\",\"position\":1,\"name\":\"In\u00edcio\",\"item\":\"https:\/\/aaea-angola.org\/\"},{\"@type\":\"ListItem\",\"position\":2,\"name\":\"Subscreva &#8211; nos\"}]},{\"@type\":\"WebSite\",\"@id\":\"https:\/\/aaea-angola.org\/#website\",\"url\":\"https:\/\/aaea-angola.org\/\",\"name\":\"\",\"description\":\"\",\"publisher\":{\"@id\":\"https:\/\/aaea-angola.org\/#organization\"},\"alternateName\":\"Associa\u00e7\u00e3o Angolana para Educa\u00e7\u00e3o de Adultos\",\"potentialAction\":[{\"@type\":\"SearchAction\",\"target\":{\"@type\":\"EntryPoint\",\"urlTemplate\":\"https:\/\/aaea-angola.org\/?s={search_term_string}\"},\"query-input\":{\"@type\":\"PropertyValueSpecification\",\"valueRequired\":true,\"valueName\":\"search_term_string\"}}],\"inLanguage\":\"pt-BR\"},{\"@type\":\"Organization\",\"@id\":\"https:\/\/aaea-angola.org\/#organization\",\"name\":\"A.A.E.A\",\"alternateName\":\"Associa\u00e7\u00e3o Angolana para Educa\u00e7\u00e3o de Adultos\",\"url\":\"https:\/\/aaea-angola.org\/\",\"logo\":{\"@type\":\"ImageObject\",\"inLanguage\":\"pt-BR\",\"@id\":\"https:\/\/aaea-angola.org\/#\/schema\/logo\/image\/\",\"url\":\"https:\/\/aaea-angola.org\/wp-content\/uploads\/2023\/01\/logo.png\",\"contentUrl\":\"https:\/\/aaea-angola.org\/wp-content\/uploads\/2023\/01\/logo.png\",\"width\":316,\"height\":95,\"caption\":\"A.A.E.A\"},\"image\":{\"@id\":\"https:\/\/aaea-angola.org\/#\/schema\/logo\/image\/\"}}]}<\/script>\n<!-- \/ Yoast SEO plugin. -->","yoast_head_json":{"title":"Subscreva - nos &#183;","description":"Subscreva - nos  &#183;","robots":{"index":"index","follow":"follow","max-snippet":"max-snippet:-1","max-image-preview":"max-image-preview:large","max-video-preview":"max-video-preview:-1"},"canonical":"https:\/\/aaea-angola.org\/?page_id=202","og_locale":"pt_BR","og_type":"article","og_title":"Subscreva - nos &#183;","og_description":"Subscreva - nos  &#183;","og_url":"https:\/\/aaea-angola.org\/?page_id=202","article_modified_time":"2025-07-03T09:15:19+00:00","og_image":[{"width":316,"height":95,"url":"https:\/\/aaea-angola.org\/wp-content\/uploads\/2023\/01\/logo.png","type":"image\/png"}],"twitter_card":"summary_large_image","schema":{"@context":"https:\/\/schema.org","@graph":[{"@type":"WebPage","@id":"https:\/\/aaea-angola.org\/?page_id=202","url":"https:\/\/aaea-angola.org\/?page_id=202","name":"Subscreva - nos &#183;","isPartOf":{"@id":"https:\/\/aaea-angola.org\/#website"},"datePublished":"2023-01-08T06:44:29+00:00","dateModified":"2025-07-03T09:15:19+00:00","description":"Subscreva - nos &#183;","breadcrumb":{"@id":"https:\/\/aaea-angola.org\/?page_id=202#breadcrumb"},"inLanguage":"pt-BR","potentialAction":[{"@type":"ReadAction","target":["https:\/\/aaea-angola.org\/?page_id=202"]}]},{"@type":"BreadcrumbList","@id":"https:\/\/aaea-angola.org\/?page_id=202#breadcrumb","itemListElement":[{"@type":"ListItem","position":1,"name":"In\u00edcio","item":"https:\/\/aaea-angola.org\/"},{"@type":"ListItem","position":2,"name":"Subscreva &#8211; nos"}]},{"@type":"WebSite","@id":"https:\/\/aaea-angola.org\/#website","url":"https:\/\/aaea-angola.org\/","name":"","description":"","publisher":{"@id":"https:\/\/aaea-angola.org\/#organization"},"alternateName":"Associa\u00e7\u00e3o Angolana para Educa\u00e7\u00e3o de Adultos","potentialAction":[{"@type":"SearchAction","target":{"@type":"EntryPoint","urlTemplate":"https:\/\/aaea-angola.org\/?s={search_term_string}"},"query-input":{"@type":"PropertyValueSpecification","valueRequired":true,"valueName":"search_term_string"}}],"inLanguage":"pt-BR"},{"@type":"Organization","@id":"https:\/\/aaea-angola.org\/#organization","name":"A.A.E.A","alternateName":"Associa\u00e7\u00e3o Angolana para Educa\u00e7\u00e3o de Adultos","url":"https:\/\/aaea-angola.org\/","logo":{"@type":"ImageObject","inLanguage":"pt-BR","@id":"https:\/\/aaea-angola.org\/#\/schema\/logo\/image\/","url":"https:\/\/aaea-angola.org\/wp-content\/uploads\/2023\/01\/logo.png","contentUrl":"https:\/\/aaea-angola.org\/wp-content\/uploads\/2023\/01\/logo.png","width":316,"height":95,"caption":"A.A.E.A"},"image":{"@id":"https:\/\/aaea-angola.org\/#\/schema\/logo\/image\/"}}]}},"_links":{"self":[{"href":"https:\/\/aaea-angola.org\/index.php?rest_route=\/wp\/v2\/pages\/202","targetHints":{"allow":["GET"]}}],"collection":[{"href":"https:\/\/aaea-angola.org\/index.php?rest_route=\/wp\/v2\/pages"}],"about":[{"href":"https:\/\/aaea-angola.org\/index.php?rest_route=\/wp\/v2\/types\/page"}],"author":[{"embeddable":true,"href":"https:\/\/aaea-angola.org\/index.php?rest_route=\/wp\/v2\/users\/1"}],"replies":[{"embeddable":true,"href":"https:\/\/aaea-angola.org\/index.php?rest_route=%2Fwp%2Fv2%2Fcomments&post=202"}],"version-history":[{"count":2,"href":"https:\/\/aaea-angola.org\/index.php?rest_route=\/wp\/v2\/pages\/202\/revisions"}],"predecessor-version":[{"id":803,"href":"https:\/\/aaea-angola.org\/index.php?rest_route=\/wp\/v2\/pages\/202\/revisions\/803"}],"wp:attachment":[{"href":"https:\/\/aaea-angola.org\/index.php?rest_route=%2Fwp%2Fv2%2Fmedia&parent=202"}],"curies":[{"name":"wp","href":"https:\/\/api.w.org\/{rel}","templated":true}]}}