{"id":168,"date":"2022-11-25T11:51:25","date_gmt":"2022-11-25T11:51:25","guid":{"rendered":"https:\/\/demo.blazethemes.com\/newsmatic-pro-one\/?page_id=168"},"modified":"2024-01-15T11:41:02","modified_gmt":"2024-01-15T11:41:02","slug":"contact-us","status":"publish","type":"page","link":"https:\/\/aaea-angola.org\/?page_id=168","title":{"rendered":"Contacte-nos"},"content":{"rendered":"\t\t<div data-elementor-type=\"wp-page\" data-elementor-id=\"168\" class=\"elementor elementor-168\">\n\t\t\t\t\t\t<section class=\"elementor-section elementor-top-section elementor-element elementor-element-4feb36f elementor-section-boxed elementor-section-height-default elementor-section-height-default\" data-id=\"4feb36f\" data-element_type=\"section\">\n\t\t\t\t\t\t<div class=\"elementor-container elementor-column-gap-default\">\n\t\t\t\t\t<div class=\"elementor-column elementor-col-100 elementor-top-column elementor-element elementor-element-748be93\" data-id=\"748be93\" data-element_type=\"column\">\n\t\t\t<div class=\"elementor-widget-wrap elementor-element-populated\">\n\t\t\t\t\t\t<div class=\"elementor-element elementor-element-86972fe elementor-widget elementor-widget-wpforms\" data-id=\"86972fe\" data-element_type=\"widget\" data-widget_type=\"wpforms.default\">\n\t\t\t\t<div class=\"elementor-widget-container\">\n\t\t\t<div class=\"wpforms-container wpforms-container-full\" id=\"wpforms-343\"><form id=\"wpforms-form-343\" class=\"wpforms-validate wpforms-form wpforms-ajax-form\" data-formid=\"343\" method=\"post\" enctype=\"multipart\/form-data\" action=\"\/index.php?rest_route=%2Fwp%2Fv2%2Fpages%2F168\" data-token=\"a646c638ce5a38801207878614bf08c9\" data-token-time=\"1778090956\"><noscript class=\"wpforms-error-noscript\">Ative o JavaScript no seu navegador para preencher este formul\u00e1rio.<\/noscript><div class=\"wpforms-field-container\"><div id=\"wpforms-343-field_0-container\" class=\"wpforms-field wpforms-field-name\" data-field-id=\"0\"><label class=\"wpforms-field-label\" for=\"wpforms-343-field_0\">Nome <span class=\"wpforms-required-label\">*<\/span><\/label><div class=\"wpforms-field-row wpforms-field-medium\"><div class=\"wpforms-field-row-block wpforms-first wpforms-one-half\"><input type=\"text\" id=\"wpforms-343-field_0\" class=\"wpforms-field-name-first wpforms-field-required\" name=\"wpforms[fields][0][first]\" required><label for=\"wpforms-343-field_0\" class=\"wpforms-field-sublabel after\">Nome<\/label><\/div><div class=\"wpforms-field-row-block wpforms-one-half\"><input type=\"text\" id=\"wpforms-343-field_0-last\" class=\"wpforms-field-name-last wpforms-field-required\" name=\"wpforms[fields][0][last]\" required><label for=\"wpforms-343-field_0-last\" class=\"wpforms-field-sublabel after\">Sobrenome<\/label><\/div><\/div><\/div><div id=\"wpforms-343-field_1-container\" class=\"wpforms-field wpforms-field-email\" data-field-id=\"1\"><label class=\"wpforms-field-label\" for=\"wpforms-343-field_1\">E-mail <span class=\"wpforms-required-label\">*<\/span><\/label><input type=\"email\" id=\"wpforms-343-field_1\" class=\"wpforms-field-medium wpforms-field-required\" name=\"wpforms[fields][1]\" spellcheck=\"false\" required><\/div><div id=\"wpforms-343-field_2-container\" class=\"wpforms-field wpforms-field-textarea\" data-field-id=\"2\"><label class=\"wpforms-field-label\" for=\"wpforms-343-field_2\">Coment\u00e1rio ou Mensagem<\/label><textarea id=\"wpforms-343-field_2\" class=\"wpforms-field-medium\" name=\"wpforms[fields][2]\" ><\/textarea><\/div><\/div><!-- .wpforms-field-container --><div class=\"wpforms-submit-container\" ><input type=\"hidden\" name=\"wpforms[id]\" value=\"343\"><input type=\"hidden\" name=\"page_title\" value=\"\"><input type=\"hidden\" name=\"page_url\" value=\"https:\/\/aaea-angola.org\/index.php?rest_route=%2Fwp%2Fv2%2Fpages%2F168\"><button type=\"submit\" name=\"wpforms[submit]\" id=\"wpforms-submit-343\" class=\"wpforms-submit\" data-alt-text=\"Enviando...\" data-submit-text=\"Enviar\" aria-live=\"assertive\" value=\"wpforms-submit\">Enviar<\/button><img decoding=\"async\" src=\"https:\/\/aaea-angola.org\/wp-content\/plugins\/wpforms-lite\/assets\/images\/submit-spin.svg\" class=\"wpforms-submit-spinner\" style=\"display: none;\" width=\"26\" height=\"26\" alt=\"Carregando\"><\/div><\/form><\/div>  <!-- .wpforms-container -->\t\t<\/div>\n\t\t\t\t<\/div>\n\t\t\t\t\t<\/div>\n\t\t<\/div>\n\t\t\t\t\t<\/div>\n\t\t<\/section>\n\t\t\t\t<\/div>\n\t\t","protected":false},"excerpt":{"rendered":"","protected":false},"author":1,"featured_media":0,"parent":0,"menu_order":0,"comment_status":"closed","ping_status":"closed","template":"","meta":{"saved_in_kubio":false,"footnotes":""},"class_list":["post-168","page","type-page","status-publish","hentry"],"kubio_ai_page_context":{"short_desc":"","purpose":"general"},"yoast_head":"<!-- This site is optimized with the Yoast SEO plugin v23.5 - https:\/\/yoast.com\/wordpress\/plugins\/seo\/ -->\n<title>Contacte-nos &#183;<\/title>\n<meta name=\"description\" content=\"Contacte-nos  &#183;\" \/>\n<meta name=\"robots\" content=\"index, follow, max-snippet:-1, max-image-preview:large, max-video-preview:-1\" \/>\n<link rel=\"canonical\" href=\"https:\/\/aaea-angola.org\/?page_id=168\" \/>\n<meta property=\"og:locale\" content=\"pt_BR\" \/>\n<meta property=\"og:type\" content=\"article\" \/>\n<meta property=\"og:title\" content=\"Contacte-nos &#183;\" \/>\n<meta property=\"og:description\" content=\"Contacte-nos  &#183;\" \/>\n<meta property=\"og:url\" content=\"https:\/\/aaea-angola.org\/?page_id=168\" \/>\n<meta property=\"article:modified_time\" content=\"2024-01-15T11:41:02+00:00\" \/>\n<meta property=\"og:image\" content=\"https:\/\/aaea-angola.org\/wp-content\/uploads\/2023\/01\/logo.png\" \/>\n\t<meta property=\"og:image:width\" content=\"316\" \/>\n\t<meta property=\"og:image:height\" content=\"95\" \/>\n\t<meta property=\"og:image:type\" content=\"image\/png\" \/>\n<meta name=\"twitter:card\" content=\"summary_large_image\" \/>\n<meta name=\"twitter:label1\" content=\"Est. tempo de leitura\" \/>\n\t<meta name=\"twitter:data1\" content=\"1 minuto\" \/>\n<script type=\"application\/ld+json\" class=\"yoast-schema-graph\">{\"@context\":\"https:\/\/schema.org\",\"@graph\":[{\"@type\":\"WebPage\",\"@id\":\"https:\/\/aaea-angola.org\/?page_id=168\",\"url\":\"https:\/\/aaea-angola.org\/?page_id=168\",\"name\":\"Contacte-nos &#183;\",\"isPartOf\":{\"@id\":\"https:\/\/aaea-angola.org\/#website\"},\"datePublished\":\"2022-11-25T11:51:25+00:00\",\"dateModified\":\"2024-01-15T11:41:02+00:00\",\"description\":\"Contacte-nos &#183;\",\"breadcrumb\":{\"@id\":\"https:\/\/aaea-angola.org\/?page_id=168#breadcrumb\"},\"inLanguage\":\"pt-BR\",\"potentialAction\":[{\"@type\":\"ReadAction\",\"target\":[\"https:\/\/aaea-angola.org\/?page_id=168\"]}]},{\"@type\":\"BreadcrumbList\",\"@id\":\"https:\/\/aaea-angola.org\/?page_id=168#breadcrumb\",\"itemListElement\":[{\"@type\":\"ListItem\",\"position\":1,\"name\":\"In\u00edcio\",\"item\":\"https:\/\/aaea-angola.org\/\"},{\"@type\":\"ListItem\",\"position\":2,\"name\":\"Contacte-nos\"}]},{\"@type\":\"WebSite\",\"@id\":\"https:\/\/aaea-angola.org\/#website\",\"url\":\"https:\/\/aaea-angola.org\/\",\"name\":\"\",\"description\":\"\",\"publisher\":{\"@id\":\"https:\/\/aaea-angola.org\/#organization\"},\"alternateName\":\"Associa\u00e7\u00e3o Angolana para Educa\u00e7\u00e3o de Adultos\",\"potentialAction\":[{\"@type\":\"SearchAction\",\"target\":{\"@type\":\"EntryPoint\",\"urlTemplate\":\"https:\/\/aaea-angola.org\/?s={search_term_string}\"},\"query-input\":{\"@type\":\"PropertyValueSpecification\",\"valueRequired\":true,\"valueName\":\"search_term_string\"}}],\"inLanguage\":\"pt-BR\"},{\"@type\":\"Organization\",\"@id\":\"https:\/\/aaea-angola.org\/#organization\",\"name\":\"A.A.E.A\",\"alternateName\":\"Associa\u00e7\u00e3o Angolana para Educa\u00e7\u00e3o de Adultos\",\"url\":\"https:\/\/aaea-angola.org\/\",\"logo\":{\"@type\":\"ImageObject\",\"inLanguage\":\"pt-BR\",\"@id\":\"https:\/\/aaea-angola.org\/#\/schema\/logo\/image\/\",\"url\":\"https:\/\/aaea-angola.org\/wp-content\/uploads\/2023\/01\/logo.png\",\"contentUrl\":\"https:\/\/aaea-angola.org\/wp-content\/uploads\/2023\/01\/logo.png\",\"width\":316,\"height\":95,\"caption\":\"A.A.E.A\"},\"image\":{\"@id\":\"https:\/\/aaea-angola.org\/#\/schema\/logo\/image\/\"}}]}<\/script>\n<!-- \/ Yoast SEO plugin. -->","yoast_head_json":{"title":"Contacte-nos &#183;","description":"Contacte-nos  &#183;","robots":{"index":"index","follow":"follow","max-snippet":"max-snippet:-1","max-image-preview":"max-image-preview:large","max-video-preview":"max-video-preview:-1"},"canonical":"https:\/\/aaea-angola.org\/?page_id=168","og_locale":"pt_BR","og_type":"article","og_title":"Contacte-nos &#183;","og_description":"Contacte-nos  &#183;","og_url":"https:\/\/aaea-angola.org\/?page_id=168","article_modified_time":"2024-01-15T11:41:02+00:00","og_image":[{"width":316,"height":95,"url":"https:\/\/aaea-angola.org\/wp-content\/uploads\/2023\/01\/logo.png","type":"image\/png"}],"twitter_card":"summary_large_image","twitter_misc":{"Est. tempo de leitura":"1 minuto"},"schema":{"@context":"https:\/\/schema.org","@graph":[{"@type":"WebPage","@id":"https:\/\/aaea-angola.org\/?page_id=168","url":"https:\/\/aaea-angola.org\/?page_id=168","name":"Contacte-nos &#183;","isPartOf":{"@id":"https:\/\/aaea-angola.org\/#website"},"datePublished":"2022-11-25T11:51:25+00:00","dateModified":"2024-01-15T11:41:02+00:00","description":"Contacte-nos &#183;","breadcrumb":{"@id":"https:\/\/aaea-angola.org\/?page_id=168#breadcrumb"},"inLanguage":"pt-BR","potentialAction":[{"@type":"ReadAction","target":["https:\/\/aaea-angola.org\/?page_id=168"]}]},{"@type":"BreadcrumbList","@id":"https:\/\/aaea-angola.org\/?page_id=168#breadcrumb","itemListElement":[{"@type":"ListItem","position":1,"name":"In\u00edcio","item":"https:\/\/aaea-angola.org\/"},{"@type":"ListItem","position":2,"name":"Contacte-nos"}]},{"@type":"WebSite","@id":"https:\/\/aaea-angola.org\/#website","url":"https:\/\/aaea-angola.org\/","name":"","description":"","publisher":{"@id":"https:\/\/aaea-angola.org\/#organization"},"alternateName":"Associa\u00e7\u00e3o Angolana para Educa\u00e7\u00e3o de Adultos","potentialAction":[{"@type":"SearchAction","target":{"@type":"EntryPoint","urlTemplate":"https:\/\/aaea-angola.org\/?s={search_term_string}"},"query-input":{"@type":"PropertyValueSpecification","valueRequired":true,"valueName":"search_term_string"}}],"inLanguage":"pt-BR"},{"@type":"Organization","@id":"https:\/\/aaea-angola.org\/#organization","name":"A.A.E.A","alternateName":"Associa\u00e7\u00e3o Angolana para Educa\u00e7\u00e3o de Adultos","url":"https:\/\/aaea-angola.org\/","logo":{"@type":"ImageObject","inLanguage":"pt-BR","@id":"https:\/\/aaea-angola.org\/#\/schema\/logo\/image\/","url":"https:\/\/aaea-angola.org\/wp-content\/uploads\/2023\/01\/logo.png","contentUrl":"https:\/\/aaea-angola.org\/wp-content\/uploads\/2023\/01\/logo.png","width":316,"height":95,"caption":"A.A.E.A"},"image":{"@id":"https:\/\/aaea-angola.org\/#\/schema\/logo\/image\/"}}]}},"_links":{"self":[{"href":"https:\/\/aaea-angola.org\/index.php?rest_route=\/wp\/v2\/pages\/168","targetHints":{"allow":["GET"]}}],"collection":[{"href":"https:\/\/aaea-angola.org\/index.php?rest_route=\/wp\/v2\/pages"}],"about":[{"href":"https:\/\/aaea-angola.org\/index.php?rest_route=\/wp\/v2\/types\/page"}],"author":[{"embeddable":true,"href":"https:\/\/aaea-angola.org\/index.php?rest_route=\/wp\/v2\/users\/1"}],"replies":[{"embeddable":true,"href":"https:\/\/aaea-angola.org\/index.php?rest_route=%2Fwp%2Fv2%2Fcomments&post=168"}],"version-history":[{"count":5,"href":"https:\/\/aaea-angola.org\/index.php?rest_route=\/wp\/v2\/pages\/168\/revisions"}],"predecessor-version":[{"id":432,"href":"https:\/\/aaea-angola.org\/index.php?rest_route=\/wp\/v2\/pages\/168\/revisions\/432"}],"wp:attachment":[{"href":"https:\/\/aaea-angola.org\/index.php?rest_route=%2Fwp%2Fv2%2Fmedia&parent=168"}],"curies":[{"name":"wp","href":"https:\/\/api.w.org\/{rel}","templated":true}]}}